{"id":24,"date":"2021-11-25T09:34:04","date_gmt":"2021-11-25T12:34:04","guid":{"rendered":"http:\/\/localhost\/_LYMP_WEB\/___lymp-default\/?page_id=24"},"modified":"2025-09-23T16:04:31","modified_gmt":"2025-09-23T19:04:31","slug":"politica-de-privacidad","status":"publish","type":"page","link":"https:\/\/upda.com.br\/es\/politica-de-privacidad\/","title":{"rendered":"Pol\u00edtica de Privacidad"},"content":{"rendered":"<p>La privacidad de su informaci\u00f3n es fundamental para nosotros, y nuestra pol\u00edtica es respetar la confidencialidad de la informaci\u00f3n y la privacidad personal. Esta Pol\u00edtica estipula c\u00f3mo se procesan los datos personales a trav\u00e9s del sitio web <a href=\"https:\/\/upda.com.br\/es\/\">https:\/\/upda.com.br\/es\/<\/a>, de conformidad con las leyes y normativas aplicables.<\/p>\n<h2>\u00bfQu\u00e9 datos se recopilan, c\u00f3mo se recopilan y con qu\u00e9 finalidad?<\/h2>\n<p>Este sitio web recopila y utiliza datos personales no sensibles para facilitar la prestaci\u00f3n de servicios y mejorar la experiencia del usuario. El procesamiento de datos es necesario para:<\/p>\n<ul>\n<li>Atender las solicitudes realizadas por usted, el titular de los datos<\/li>\n<li>Implementar la comunicaci\u00f3n entre usted, el titular de los datos, y el responsable del tratamiento de datos<\/li>\n<li>Calidad del funcionamiento del sitio web<\/li>\n<li>Identificar \u00e1reas de inter\u00e9s de los clientes y proporcionarles informaci\u00f3n de inter\u00e9s potencial<\/li>\n<li>Mapear las estad\u00edsticas de los usuarios para mejorar el funcionamiento del sitio web<\/li>\n<li>Cumplir con las leyes y normativas aplicables y cumplir con las obligaciones legales.<\/li>\n<\/ul>\n<p>Todos los datos recopilados o proporcionados directamente por el titular de los datos se tratan de forma confidencial y solo se utilizar\u00e1n los datos personales expresamente autorizados por el usuario.<\/p>\n<h2>Datos personales proporcionados por el interesado<\/h2>\n<ul>\n<li><strong>A trav\u00e9s del formulario de contacto:<\/strong> Al rellenar un formulario de contacto en este sitio web, se recopila informaci\u00f3n como su nombre, correo electr\u00f3nico y n\u00famero de tel\u00e9fono. Esta informaci\u00f3n podr\u00e1 utilizarse para contactarle y proporcionarle toda la informaci\u00f3n necesaria para la prestaci\u00f3n de los servicios. La base legal para el tratamiento de esta informaci\u00f3n es su consentimiento e inter\u00e9s leg\u00edtimo. Al completar estos formularios, usted reconoce y acepta las disposiciones de esta Pol\u00edtica de Privacidad.<\/li>\n<li><strong>A trav\u00e9s del formulario de registro:<\/strong> Al rellenar un formulario de registro de curr\u00edculum en este sitio web, se recopila informaci\u00f3n como su nombre, correo electr\u00f3nico, n\u00famero de tel\u00e9fono y otros datos incluidos en el curr\u00edculum adjunto. Esta informaci\u00f3n podr\u00e1 utilizarse para contactarle sobre oportunidades de empleo en Upda. La base legal para el tratamiento de esta informaci\u00f3n es su consentimiento e inter\u00e9s leg\u00edtimo. Al completar este formulario, usted reconoce y acepta las disposiciones de esta Pol\u00edtica de Privacidad.<\/li>\n<\/ul>\n<h2>Datos de acceso recopilados<\/h2>\n<p>La informaci\u00f3n recopilada de los usuarios al utilizar el sitio web incluye, entre otros datos, el navegador del usuario, la direcci\u00f3n IP, la fecha y hora de acceso, las acciones del usuario en el sitio web, el modelo del dispositivo m\u00f3vil y el sistema operativo utilizado para el acceso. La base legal para el tratamiento es el inter\u00e9s leg\u00edtimo en supervisar y mejorar la seguridad y el rendimiento del sitio web y los servicios.<\/p>\n<h2>\u00bfDurante cu\u00e1nto tiempo se conservar\u00e1n sus datos?<\/h2>\n<p>Sus datos se conservar\u00e1n durante el tiempo necesario para cumplir con los fines para los que se procesa la informaci\u00f3n o por otras razones v\u00e1lidas para conservar su informaci\u00f3n personal, como el cumplimiento de obligaciones legales.<\/p>\n<h2>\u00bfQu\u00e9 medidas se toman para mantener la seguridad de sus datos?<\/h2>\n<p>Para garantizar que su informaci\u00f3n personal se almacene de forma segura, se utilizan herramientas f\u00edsicas, electr\u00f3nicas y de gesti\u00f3n dise\u00f1adas para proteger su privacidad. Estas herramientas se aplican teniendo en cuenta la naturaleza de los datos personales recopilados, el contexto y la finalidad del tratamiento, y los riesgos que cualquier vulneraci\u00f3n supondr\u00eda para los derechos y libertades del interesado. Medidas adoptadas:<\/p>\n<ul>\n<li>Cifrado Secure Sockets Layer (SSL) para la transferencia de informaci\u00f3n<\/li>\n<li>Solo las personas autorizadas tienen acceso a sus datos personales<\/li>\n<li>Sus datos personales se almacenan en un entorno seguro y adecuado.<\/li>\n<\/ul>\n<p>Para evitar incidentes de seguridad, siempre se adoptar\u00e1n las mejores pr\u00e1cticas. Sin embargo, es importante destacar que ning\u00fan sitio web es completamente seguro ni est\u00e1 exento de riesgos. A pesar de todos los protocolos de seguridad, pueden surgir problemas causados \u200b\u200bexclusivamente por terceros, como ciberataques de hackers, o debido a la negligencia o descuido del usuario\/cliente.<\/p>\n<p>En caso de un incidente de seguridad que pueda suponer un riesgo o da\u00f1o significativo para usted o cualquiera de sus usuarios\/clientes, se emitir\u00e1 una notificaci\u00f3n.<\/p>\n<h2>\u00bfCon qui\u00e9n se pueden compartir sus datos?<\/h2>\n<p>Sujeto a los criterios definidos en esta Pol\u00edtica, sus datos personales no se divulgar\u00e1n a terceros, excepto:<\/p>\n<ul>\n<li>(i) Para cumplir con una medida necesaria seg\u00fan las leyes, normas o regulaciones aplicables<\/li>\n<li>(ii) Si existe una obligaci\u00f3n de divulgaci\u00f3n o<\/li>\n<li>(iii) A solicitud del cliente, con su consentimiento.<\/li>\n<\/ul>\n<h2>Transferencia Internacional de Datos<\/h2>\n<p>Su informaci\u00f3n personal se procesa en Brasil y en pa\u00edses con legislaci\u00f3n similar y equivalente. Independientemente de la legislaci\u00f3n vigente en estos pa\u00edses, la privacidad de su informaci\u00f3n se tratar\u00e1 de acuerdo con esta Pol\u00edtica de Privacidad. Al proporcionar su informaci\u00f3n personal, usted consiente la transmisi\u00f3n y el procesamiento de su informaci\u00f3n en cualquier jurisdicci\u00f3n de acuerdo con esta Pol\u00edtica de Privacidad.<\/p>\n<h2>Cookies o datos de navegaci\u00f3n<\/h2>\n<p>Las cookies son peque\u00f1os archivos de texto que se utilizan para mejorar la eficiencia de su experiencia de usuario. Pueden almacenarse en su dispositivo si son estrictamente necesarias para el funcionamiento de este sitio web. Todos los dem\u00e1s tipos de cookies requieren su permiso.<\/p>\n<p>Algunas cookies pueden compartir informaci\u00f3n sobre su uso del sitio web con socios de redes sociales, publicidad y an\u00e1lisis, quienes pueden combinarla con otra informaci\u00f3n que les haya proporcionado o que hayan recopilado a partir del uso de sus servicios. Las cookies utilizadas en este sitio web se clasifican en:<\/p>\n<p><strong>Cookies necesarias:<\/strong> Las cookies necesarias ayudan a que el sitio web sea utilizable al habilitar funciones b\u00e1sicas como la navegaci\u00f3n y el acceso a \u00e1reas seguras del sitio web. El sitio web podr\u00eda no funcionar correctamente sin estas cookies.<\/p>\n<p><strong>Cookies de preferencia:<\/strong> Las cookies de preferencia permiten que el sitio web recuerde informaci\u00f3n que cambia el comportamiento o la apariencia de un sitio web, como su idioma o regi\u00f3n preferidos.<\/p>\n<p><strong>Cookies de estad\u00edsticas:<\/strong> Las cookies de estad\u00edsticas ayudan a comprender c\u00f3mo interact\u00faan los visitantes con el sitio web mediante la recopilaci\u00f3n y difusi\u00f3n de informaci\u00f3n de forma an\u00f3nima.<\/p>\n<p><strong>Cookies de marketing:<\/strong> Las cookies de marketing se utilizan para analizar la navegaci\u00f3n de los visitantes en el sitio web y, por lo tanto, mostrarles anuncios relevantes.<\/p>\n<h2>Medios incrustados de otros sitios web<\/h2>\n<p>La informaci\u00f3n de este sitio web puede incluir contenido incrustado y funciones de terceros, como v\u00eddeos, im\u00e1genes, art\u00edculos, funciones para compartir en redes sociales, etc. El contenido incrustado y las funciones de otros sitios web se comportan exactamente igual que si el visitante hubiera visitado el otro sitio web.<\/p>\n<p>Estos sitios web y funciones pueden recopilar datos sobre usted, utilizar cookies, incrustar seguimiento adicional de terceros y supervisar su interacci\u00f3n con dicho contenido incrustado, incluyendo su interacci\u00f3n con dicho contenido si tiene una cuenta y ha iniciado sesi\u00f3n en ese sitio web. Al navegar y utilizar estas herramientas, usted acepta las disposiciones de esta Pol\u00edtica de Privacidad.<\/p>\n<h2>Gesti\u00f3n de cookies<\/h2>\n<p>Puede, en cualquier momento y de forma gratuita, cambiar sus permisos, bloquear o rechazar las cookies. Sin embargo, revocar su consentimiento para ciertas cookies puede impedir que algunas funciones de la plataforma funcionen correctamente.<\/p>\n<p>Para administrar las cookies, simplemente haga clic en el enlace sobre la tabla de cookies o directamente en la configuraci\u00f3n de su navegador, en el \u00e1rea de administraci\u00f3n de cookies. Puede acceder a tutoriales sobre este tema directamente desde los siguientes enlaces:<\/p>\n<p>Si usa <a href=\"https:\/\/support.microsoft.com\/pt-br\/help\/17442\/windows-internet-explorer-delete-manage-cookies\" target=\"_blank\" rel=\"noopener\">Internet Explorer<\/a>.<\/p>\n<p>Si usa <a href=\"https:\/\/support.mozilla.org\/pt-BR\/kb\/gerencie-configuracoes-de-armazenamento-local-de-s\" target=\"_blank\" rel=\"noopener\">Firefox<\/a>.<\/p>\n<p>Si usa <a href=\"https:\/\/support.apple.com\/pt-br\/guide\/safari\/sfri11471\/mac\" target=\"_blank\" rel=\"noopener\">Safari<\/a>.<\/p>\n<p>Si usa <a href=\"https:\/\/support.google.com\/chrome\/answer\/95647?co=GENIE.Platform%3DDesktop&amp;oco=1&amp;hl=pt-BR\" target=\"_blank\" rel=\"noopener\">Google Chrome<\/a>.<\/p>\n<p>Si usa <a href=\"https:\/\/support.microsoft.com\/pt-br\/help\/4027947\/microsoft-edge-delete-cookies\" target=\"_blank\" rel=\"noopener\">Microsoft Edge<\/a>.<\/p>\n<p>Si usa <a href=\"https:\/\/help.opera.com\/en\/latest\/web-preferences\/#cookies\" target=\"_blank\" rel=\"noopener\">Opera<\/a>.<\/p>\n<h2>Cambios en esta Pol\u00edtica de Privacidad<\/h2>\n<p>Esta Pol\u00edtica de Privacidad puede modificarse en cualquier momento, principalmente para adaptarse a los cambios realizados en el sitio web o en la legislaci\u00f3n. Le recomendamos que la revise con frecuencia.<\/p>\n<p>Para su comodidad, la fecha de la \u00faltima actualizaci\u00f3n se mostrar\u00e1 al final del documento. Si se realizan cambios relevantes que requieran la autorizaci\u00f3n de un nuevo usuario, se publicar\u00e1n y se solicitar\u00e1 un nuevo consentimiento.<\/p>\n<p>Al utilizar el sitio web y proporcionar sus datos personales despu\u00e9s de dichos cambios, usted consiente a los mismos.<\/p>\n<h2>Responsabilidad<\/h2>\n<p><strong>Upda<\/strong> es el responsable del tratamiento de sus datos personales. A efectos de la legislaci\u00f3n aplicable, el responsable es la parte responsable de las decisiones relativas al tratamiento de datos personales.<\/p>\n<p>Esta Pol\u00edtica de Privacidad se mantendr\u00e1 actualizada de acuerdo con sus disposiciones y garantizando su cumplimiento.<\/p>\n<p>Adem\u00e1s, se implementar\u00e1n las condiciones t\u00e9cnicas y organizativas necesarias para proteger de forma segura todo el proceso de tratamiento de datos.<\/p>\n<h2>Descargo de responsabilidad<\/h2>\n<p>Aunque se adoptan altos est\u00e1ndares de seguridad para prevenir incidentes, ning\u00fan sitio web est\u00e1 completamente exento de riesgos. Por lo tanto, el sitio web no se responsabiliza de:<\/p>\n<ul>\n<li>I \u2013 Las consecuencias derivadas de la negligencia, imprudencia o incompetencia de los usuarios con respecto a sus datos personales. El sitio web garantiza y es el \u00fanico responsable de la seguridad de los procesos de tratamiento de datos y del cumplimiento de las finalidades descritas en este documento. Es importante destacar que la confidencialidad de los datos de acceso recae en el usuario.<\/li>\n<li>II \u2013 Acciones maliciosas de terceros, como ataques de hackers.<\/li>\n<li>III \u2013 Inexactitud de la informaci\u00f3n introducida por el usuario\/cliente en los registros necesarios para el uso de los servicios presentados en el sitio web; las consecuencias derivadas de informaci\u00f3n falsa o introducida de mala fe es responsabilidad exclusiva del usuario\/cliente.<\/li>\n<\/ul>\n<h2>Consultar, modificar o solicitar la cancelaci\u00f3n del tratamiento de sus datos personales<\/h2>\n<p>Si desea consultar, modificar o solicitar la cancelaci\u00f3n de sus datos personales tratados en el sitio web, env\u00ede un correo electr\u00f3nico a <a href=\"mailto:contato@upda.com.br\">contato@upda.com.br<\/a>.<\/p>\n<p>Para garantizar su correcta identificaci\u00f3n como titular de los datos personales objeto de la solicitud, se le podr\u00e1n solicitar documentos u otras pruebas que acrediten su identidad. En este caso, se le informar\u00e1 con antelaci\u00f3n.<\/p>\n<p>\u00daltima actualizaci\u00f3n: 5 de agosto de 2022<\/p>\n","protected":false},"excerpt":{"rendered":"<p>La privacidad de su informaci\u00f3n es fundamental para nosotros, y nuestra pol\u00edtica es respetar la confidencialidad de la informaci\u00f3n y la privacidad personal. Esta Pol\u00edtica estipula c\u00f3mo se procesan los datos personales a trav\u00e9s del sitio web https:\/\/upda.com.br\/es\/, de conformidad con las leyes y normativas aplicables. \u00bfQu\u00e9 datos se recopilan, c\u00f3mo se recopilan y con &hellip; <a href=\"https:\/\/upda.com.br\/es\/politica-de-privacidad\/\" class=\"more-link\">Continue reading <span class=\"screen-reader-text\">Pol\u00edtica de Privacidad<\/span> <span class=\"meta-nav\">&rarr;<\/span><\/a><\/p>\n","protected":false},"author":1,"featured_media":0,"parent":0,"menu_order":1000,"comment_status":"closed","ping_status":"closed","template":"page_default.php","meta":{"_acf_changed":false,"footnotes":""},"class_list":["post-24","page","type-page","status-publish","hentry"],"acf":[],"yoast_head":"<!-- This site is optimized with the Yoast SEO plugin v27.4 - https:\/\/yoast.com\/product\/yoast-seo-wordpress\/ -->\n<title>Pol\u00edtica de Privacidad | Upda<\/title>\n<meta name=\"robots\" content=\"index, follow, max-snippet:-1, max-image-preview:large, max-video-preview:-1\" \/>\n<link rel=\"canonical\" href=\"https:\/\/upda.com.br\/es\/politica-de-privacidad\/\" \/>\n<meta property=\"og:locale\" content=\"pt_BR\" \/>\n<meta property=\"og:type\" content=\"article\" \/>\n<meta property=\"og:title\" content=\"Pol\u00edtica de Privacidad | Upda\" \/>\n<meta property=\"og:description\" content=\"La privacidad de su informaci\u00f3n es fundamental para nosotros, y nuestra pol\u00edtica es respetar la confidencialidad de la informaci\u00f3n y la privacidad personal. Esta Pol\u00edtica estipula c\u00f3mo se procesan los datos personales a trav\u00e9s del sitio web https:\/\/upda.com.br\/es\/, de conformidad con las leyes y normativas aplicables. \u00bfQu\u00e9 datos se recopilan, c\u00f3mo se recopilan y con &hellip; Continue reading Pol\u00edtica de Privacidad &rarr;\" \/>\n<meta property=\"og:url\" content=\"https:\/\/upda.com.br\/es\/politica-de-privacidad\/\" \/>\n<meta property=\"og:site_name\" content=\"Upda\" \/>\n<meta property=\"article:modified_time\" content=\"2025-09-23T19:04:31+00:00\" \/>\n<meta property=\"og:image\" content=\"https:\/\/upda.com.br\/es\/wp-content\/uploads\/2022\/08\/upda_featured-image.png\" \/>\n\t<meta property=\"og:image:width\" content=\"1200\" \/>\n\t<meta property=\"og:image:height\" content=\"630\" \/>\n\t<meta property=\"og:image:type\" content=\"image\/png\" \/>\n<meta name=\"twitter:card\" content=\"summary_large_image\" \/>\n<meta name=\"twitter:label1\" content=\"Est. tempo de leitura\" \/>\n\t<meta name=\"twitter:data1\" content=\"9 minutos\" \/>\n<script type=\"application\/ld+json\" class=\"yoast-schema-graph\">{\"@context\":\"https:\\\/\\\/schema.org\",\"@graph\":[{\"@type\":\"WebPage\",\"@id\":\"https:\\\/\\\/upda.com.br\\\/es\\\/politica-de-privacidad\\\/\",\"url\":\"https:\\\/\\\/upda.com.br\\\/es\\\/politica-de-privacidad\\\/\",\"name\":\"Pol\u00edtica de Privacidad | Upda\",\"isPartOf\":{\"@id\":\"https:\\\/\\\/upda.com.br\\\/es\\\/#website\"},\"datePublished\":\"2021-11-25T12:34:04+00:00\",\"dateModified\":\"2025-09-23T19:04:31+00:00\",\"breadcrumb\":{\"@id\":\"https:\\\/\\\/upda.com.br\\\/es\\\/politica-de-privacidad\\\/#breadcrumb\"},\"inLanguage\":\"pt-BR\",\"potentialAction\":[{\"@type\":\"ReadAction\",\"target\":[\"https:\\\/\\\/upda.com.br\\\/es\\\/politica-de-privacidad\\\/\"]}]},{\"@type\":\"BreadcrumbList\",\"@id\":\"https:\\\/\\\/upda.com.br\\\/es\\\/politica-de-privacidad\\\/#breadcrumb\",\"itemListElement\":[{\"@type\":\"ListItem\",\"position\":1,\"name\":\"Home\",\"item\":\"https:\\\/\\\/upda.com.br\\\/es\\\/\"},{\"@type\":\"ListItem\",\"position\":2,\"name\":\"Pol\u00edtica de Privacidad\"}]},{\"@type\":\"WebSite\",\"@id\":\"https:\\\/\\\/upda.com.br\\\/es\\\/#website\",\"url\":\"https:\\\/\\\/upda.com.br\\\/es\\\/\",\"name\":\"Upda\",\"description\":\"\",\"publisher\":{\"@id\":\"https:\\\/\\\/upda.com.br\\\/es\\\/#organization\"},\"potentialAction\":[{\"@type\":\"SearchAction\",\"target\":{\"@type\":\"EntryPoint\",\"urlTemplate\":\"https:\\\/\\\/upda.com.br\\\/es\\\/?s={search_term_string}\"},\"query-input\":{\"@type\":\"PropertyValueSpecification\",\"valueRequired\":true,\"valueName\":\"search_term_string\"}}],\"inLanguage\":\"pt-BR\"},{\"@type\":\"Organization\",\"@id\":\"https:\\\/\\\/upda.com.br\\\/es\\\/#organization\",\"name\":\"Upda\",\"url\":\"https:\\\/\\\/upda.com.br\\\/es\\\/\",\"logo\":{\"@type\":\"ImageObject\",\"inLanguage\":\"pt-BR\",\"@id\":\"https:\\\/\\\/upda.com.br\\\/es\\\/#\\\/schema\\\/logo\\\/image\\\/\",\"url\":\"https:\\\/\\\/upda.com.br\\\/wp-content\\\/uploads\\\/2022\\\/08\\\/upda_featured-image.png\",\"contentUrl\":\"https:\\\/\\\/upda.com.br\\\/wp-content\\\/uploads\\\/2022\\\/08\\\/upda_featured-image.png\",\"width\":1200,\"height\":630,\"caption\":\"Upda\"},\"image\":{\"@id\":\"https:\\\/\\\/upda.com.br\\\/es\\\/#\\\/schema\\\/logo\\\/image\\\/\"},\"sameAs\":[\"https:\\\/\\\/www.linkedin.com\\\/company\\\/upda-te\"]}]}<\/script>\n<!-- \/ Yoast SEO plugin. -->","yoast_head_json":{"title":"Pol\u00edtica de Privacidad | Upda","robots":{"index":"index","follow":"follow","max-snippet":"max-snippet:-1","max-image-preview":"max-image-preview:large","max-video-preview":"max-video-preview:-1"},"canonical":"https:\/\/upda.com.br\/es\/politica-de-privacidad\/","og_locale":"pt_BR","og_type":"article","og_title":"Pol\u00edtica de Privacidad | Upda","og_description":"La privacidad de su informaci\u00f3n es fundamental para nosotros, y nuestra pol\u00edtica es respetar la confidencialidad de la informaci\u00f3n y la privacidad personal. Esta Pol\u00edtica estipula c\u00f3mo se procesan los datos personales a trav\u00e9s del sitio web https:\/\/upda.com.br\/es\/, de conformidad con las leyes y normativas aplicables. \u00bfQu\u00e9 datos se recopilan, c\u00f3mo se recopilan y con &hellip; Continue reading Pol\u00edtica de Privacidad &rarr;","og_url":"https:\/\/upda.com.br\/es\/politica-de-privacidad\/","og_site_name":"Upda","article_modified_time":"2025-09-23T19:04:31+00:00","og_image":[{"width":1200,"height":630,"url":"https:\/\/upda.com.br\/es\/wp-content\/uploads\/2022\/08\/upda_featured-image.png","type":"image\/png"}],"twitter_card":"summary_large_image","twitter_misc":{"Est. tempo de leitura":"9 minutos"},"schema":{"@context":"https:\/\/schema.org","@graph":[{"@type":"WebPage","@id":"https:\/\/upda.com.br\/es\/politica-de-privacidad\/","url":"https:\/\/upda.com.br\/es\/politica-de-privacidad\/","name":"Pol\u00edtica de Privacidad | Upda","isPartOf":{"@id":"https:\/\/upda.com.br\/es\/#website"},"datePublished":"2021-11-25T12:34:04+00:00","dateModified":"2025-09-23T19:04:31+00:00","breadcrumb":{"@id":"https:\/\/upda.com.br\/es\/politica-de-privacidad\/#breadcrumb"},"inLanguage":"pt-BR","potentialAction":[{"@type":"ReadAction","target":["https:\/\/upda.com.br\/es\/politica-de-privacidad\/"]}]},{"@type":"BreadcrumbList","@id":"https:\/\/upda.com.br\/es\/politica-de-privacidad\/#breadcrumb","itemListElement":[{"@type":"ListItem","position":1,"name":"Home","item":"https:\/\/upda.com.br\/es\/"},{"@type":"ListItem","position":2,"name":"Pol\u00edtica de Privacidad"}]},{"@type":"WebSite","@id":"https:\/\/upda.com.br\/es\/#website","url":"https:\/\/upda.com.br\/es\/","name":"Upda","description":"","publisher":{"@id":"https:\/\/upda.com.br\/es\/#organization"},"potentialAction":[{"@type":"SearchAction","target":{"@type":"EntryPoint","urlTemplate":"https:\/\/upda.com.br\/es\/?s={search_term_string}"},"query-input":{"@type":"PropertyValueSpecification","valueRequired":true,"valueName":"search_term_string"}}],"inLanguage":"pt-BR"},{"@type":"Organization","@id":"https:\/\/upda.com.br\/es\/#organization","name":"Upda","url":"https:\/\/upda.com.br\/es\/","logo":{"@type":"ImageObject","inLanguage":"pt-BR","@id":"https:\/\/upda.com.br\/es\/#\/schema\/logo\/image\/","url":"https:\/\/upda.com.br\/wp-content\/uploads\/2022\/08\/upda_featured-image.png","contentUrl":"https:\/\/upda.com.br\/wp-content\/uploads\/2022\/08\/upda_featured-image.png","width":1200,"height":630,"caption":"Upda"},"image":{"@id":"https:\/\/upda.com.br\/es\/#\/schema\/logo\/image\/"},"sameAs":["https:\/\/www.linkedin.com\/company\/upda-te"]}]}},"_links":{"self":[{"href":"https:\/\/upda.com.br\/es\/wp-json\/wp\/v2\/pages\/24","targetHints":{"allow":["GET"]}}],"collection":[{"href":"https:\/\/upda.com.br\/es\/wp-json\/wp\/v2\/pages"}],"about":[{"href":"https:\/\/upda.com.br\/es\/wp-json\/wp\/v2\/types\/page"}],"author":[{"embeddable":true,"href":"https:\/\/upda.com.br\/es\/wp-json\/wp\/v2\/users\/1"}],"replies":[{"embeddable":true,"href":"https:\/\/upda.com.br\/es\/wp-json\/wp\/v2\/comments?post=24"}],"version-history":[{"count":4,"href":"https:\/\/upda.com.br\/es\/wp-json\/wp\/v2\/pages\/24\/revisions"}],"predecessor-version":[{"id":637,"href":"https:\/\/upda.com.br\/es\/wp-json\/wp\/v2\/pages\/24\/revisions\/637"}],"wp:attachment":[{"href":"https:\/\/upda.com.br\/es\/wp-json\/wp\/v2\/media?parent=24"}],"curies":[{"name":"wp","href":"https:\/\/api.w.org\/{rel}","templated":true}]}}